{"id":7623,"date":"2021-07-01T17:28:19","date_gmt":"2021-07-01T15:28:19","guid":{"rendered":"https:\/\/www.jbfrance.fr\/nous-contacter\/"},"modified":"2022-05-03T16:44:18","modified_gmt":"2022-05-03T14:44:18","slug":"contacto-jb-france","status":"publish","type":"page","link":"https:\/\/www.jbfrance.fr\/es\/contacto-jb-france\/","title":{"rendered":"Contacto"},"content":{"rendered":"<div class=\"wpb-content-wrapper\"><p>[vc_row full_width=\u00bbstretch_row\u00bb content_placement=\u00bbmiddle\u00bb parallax=\u00bbcontent-moving\u00bb parallax_image=\u00bb1585&#8243; parallax_speed_bg=\u00bb1.4&#8243; css=\u00bb.vc_custom_1533198588287{padding-top: 120px !important;padding-bottom: 140px !important;}\u00bb][vc_column el_class=\u00bbcenter\u00bb]<h2 class=\"boc_heading  center  text_30_on_mobile  boc_animate_when_almost_visible boc_top-to-bottom regular_weight\"  style=\"margin-bottom: 0px;color: #ffffff;font-size: 50px;\"  data-css_delay=200><span>Contacto <b style=\"color: #5fb3f1; font-weight: normal;\">JB France<\/b><\/span><\/h2><h2 class=\"boc_heading  center  cd-headline scale letters animated_words_inherit text_30_on_mobile  boc_animate_when_almost_visible boc_top-to-bottom regular_weight\"  style=\"color: #ffffff;font-size: 50px;\"  data-css_delay=400><span>A tu servicio <strong style=\"color: #5fb3f1;\"><b> immediato<\/b><\/strong><\/span><\/h2><div class=\"boc_spacing \" style=\"height: 40px\"><\/div>[\/vc_column][\/vc_row][vc_row css=\u00bb.vc_custom_1611858772247{margin-bottom: 120px !important;}\u00bb][vc_column width=\u00bb2\/3&#8243; css=\u00bb.vc_custom_1491563998301{padding-right: 12% !important;}\u00bb]<h2 class=\"boc_heading  al_left   inherit_weight\"  style=\"color: #333;\" ><span>Contactenos<\/span><\/h2><div class=\"boc_spacing \" style=\"height: 10px\"><\/div>\n<div class=\"wpcf7 no-js\" id=\"wpcf7-f7783-o1\" lang=\"es-ES\" dir=\"ltr\" data-wpcf7-id=\"7783\">\n<div class=\"screen-reader-response\"><p role=\"status\" aria-live=\"polite\" aria-atomic=\"true\"><\/p> <ul><\/ul><\/div>\n<form action=\"\/es\/wp-json\/wp\/v2\/pages\/7623#wpcf7-f7783-o1\" method=\"post\" class=\"wpcf7-form init\" aria-label=\"Formulario de contacto\" novalidate=\"novalidate\" data-status=\"init\">\n<fieldset class=\"hidden-fields-container\"><input type=\"hidden\" name=\"_wpcf7\" value=\"7783\" \/><input type=\"hidden\" name=\"_wpcf7_version\" value=\"6.1.5\" \/><input type=\"hidden\" name=\"_wpcf7_locale\" value=\"es_ES\" \/><input type=\"hidden\" name=\"_wpcf7_unit_tag\" value=\"wpcf7-f7783-o1\" \/><input type=\"hidden\" name=\"_wpcf7_container_post\" value=\"0\" \/><input type=\"hidden\" name=\"_wpcf7_posted_data_hash\" value=\"\" \/>\n<\/fieldset>\n<p><span class=\"wpcf7-form-control-wrap\" data-name=\"your-name\"><input size=\"40\" maxlength=\"400\" class=\"wpcf7-form-control wpcf7-text wpcf7-validates-as-required\" aria-required=\"true\" aria-invalid=\"false\" placeholder=\"Su nombre *\" value=\"\" type=\"text\" name=\"your-name\" \/><\/span>\n<\/p>\n<p><span class=\"wpcf7-form-control-wrap\" data-name=\"your-email\"><input size=\"40\" maxlength=\"400\" class=\"wpcf7-form-control wpcf7-email wpcf7-validates-as-required wpcf7-text wpcf7-validates-as-email\" aria-required=\"true\" aria-invalid=\"false\" placeholder=\"Su Email *\" value=\"\" type=\"email\" name=\"your-email\" \/><\/span>\n<\/p>\n<p><span class=\"wpcf7-form-control-wrap\" data-name=\"your-phone\"><input size=\"40\" maxlength=\"400\" class=\"wpcf7-form-control wpcf7-text\" aria-invalid=\"false\" placeholder=\"Tel\u00e9fono\" value=\"\" type=\"text\" name=\"your-phone\" \/><\/span>\n<\/p>\n<p><span class=\"wpcf7-form-control-wrap\" data-name=\"your-message\"><textarea cols=\"40\" rows=\"5\" maxlength=\"2000\" class=\"wpcf7-form-control wpcf7-textarea\" aria-invalid=\"false\" placeholder=\"Mensaje *\" name=\"your-message\"><\/textarea><\/span>\n<\/p>\n<div class=\"h10\">\n<\/div>\n<p><input type=\"hidden\" name=\"_wpcf7_captcha_challenge_captcha-887\" value=\"2409548086\" \/><img loading=\"lazy\" decoding=\"async\" class=\"wpcf7-form-control wpcf7-captchac wpcf7-captcha-captcha-887\" width=\"72\" height=\"24\" alt=\"captcha\" src=\"https:\/\/www.jbfrance.fr\/wp-content\/uploads\/wpcf7_captcha\/2409548086.png\" \/>\n<\/p>\n<p><span class=\"wpcf7-form-control-wrap\" data-name=\"captcha-887\"><input size=\"4\" maxlength=\"4\" class=\"wpcf7-form-control wpcf7-captchar captcha_input\" autocomplete=\"off\" aria-invalid=\"false\" placeholder=\"Ingresa el captcha\" value=\"\" type=\"text\" name=\"captcha-887\" \/><\/span>\n<\/p>\n<div class=\"h20\">\n<\/div>\n<p><input class=\"wpcf7-form-control wpcf7-submit has-spinner btn_theme_color btn_circled btn_medium_stretched\" type=\"submit\" value=\"Enviar\" \/>\n<\/p><div class=\"wpcf7-response-output\" aria-hidden=\"true\"><\/div>\n<\/form>\n<\/div>\n[\/vc_column][vc_column width=\u00bb1\/3&#8243;]<h4 class=\"boc_heading  al_left   inherit_weight\"  style=\"color: #333333;\" ><span>Su <strong style=\"color: #5fb3f1;\">nombre<\/strong><\/span><\/h4><div class=\"boc_list_item  \"  style=\"margin-bottom: 10px;\" >\r\n\t\t\t\t\t<span class=\"li_icon small \" style=\"\"><i class=\"icon fa fa-phone\" style=\"color: #5fb3f1;\"><\/i><\/span>\r\n\t\t\t\t\t<div class=\"boc_list_item_text small\">05 34 36 63 37<\/div>\r\n\t\t\t\t   <\/div><div class=\"boc_list_item  \"  style=\"margin-bottom: 10px;\" >\r\n\t\t\t\t\t<span class=\"li_icon small \" style=\"\"><i class=\"icon fa fa-send\" style=\"color: #5fb3f1;\"><\/i><\/span>\r\n\t\t\t\t\t<div class=\"boc_list_item_text small\"><a href=\"mailto:contact@jbfrance.fr\">contact@jbfrance.fr<\/a><\/div>\r\n\t\t\t\t   <\/div><div class=\"boc_list_item  \"  style=\"margin-bottom: 10px;\" >\r\n\t\t\t\t\t<span class=\"li_icon small \" style=\"\"><i class=\"icon boc_i-location\" style=\"color: #5fb3f1;\"><\/i><\/span>\r\n\t\t\t\t\t<div class=\"boc_list_item_text small\">Immeuble A\u00e9rop\u00f4le, 5 avenue Albert Durand, B\u00e2t. 1 Et. 3, 31700 Blagnac<\/div>\r\n\t\t\t\t   <\/div><div class=\"boc_spacing \" style=\"height: 50px\"><\/div><h4 class=\"boc_heading  al_left   inherit_weight\"  style=\"color: #333333;\" ><span>Localizaci\u00f3n<\/span><\/h4><div class=\"boc_spacing \" style=\"height: 10px\"><\/div>[vc_single_image onclick=\u00bbcustom_link\u00bb image=\u00bb5949&#8243; link=\u00bbhttps:\/\/goo.gl\/maps\/GU2spq8fz9jt2iqeA\u00bb][\/vc_column][\/vc_row]<\/p>\n<\/div>","protected":false},"excerpt":{"rendered":"<p>[vc_row full_width=\u00bbstretch_row\u00bb content_placement=\u00bbmiddle\u00bb parallax=\u00bbcontent-moving\u00bb parallax_image=\u00bb1585&#8243; parallax_speed_bg=\u00bb1.4&#8243; css=\u00bb.vc_custom_1533198588287{padding-top: 120px !important;padding-bottom: 140px !important;}\u00bb][vc_column el_class=\u00bbcenter\u00bb][\/vc_column][\/vc_row][vc_row css=\u00bb.vc_custom_1611858772247{margin-bottom: 120px !important;}\u00bb][vc_column width=\u00bb2\/3&#8243; css=\u00bb.vc_custom_1491563998301{padding-right: 12% !important;}\u00bb][\/vc_column][vc_column width=\u00bb1\/3&#8243;][vc_single_image onclick=\u00bbcustom_link\u00bb image=\u00bb5949&#8243; link=\u00bbhttps:\/\/goo.gl\/maps\/GU2spq8fz9jt2iqeA\u00bb][\/vc_column][\/vc_row]<\/p>\n","protected":false},"author":1,"featured_media":0,"parent":0,"menu_order":0,"comment_status":"closed","ping_status":"closed","template":"","meta":{"footnotes":""},"class_list":["post-7623","page","type-page","status-publish","hentry"],"yoast_head":"<!-- This site is optimized with the Yoast SEO plugin v27.5 - https:\/\/yoast.com\/product\/yoast-seo-wordpress\/ -->\n<title>Contacto JB France<\/title>\n<meta name=\"description\" content=\"P\u00f3ngase en contacto con JB France para obtener una respuesta r\u00e1pida y vincular su empresa con nuestros servicios de intermediaci\u00f3n alimentaria.\" \/>\n<meta name=\"robots\" content=\"index, follow, max-snippet:-1, max-image-preview:large, max-video-preview:-1\" \/>\n<link rel=\"canonical\" href=\"https:\/\/www.jbfrance.fr\/es\/contacto-jb-france\/\" \/>\n<meta property=\"og:locale\" content=\"es_ES\" \/>\n<meta property=\"og:type\" content=\"article\" \/>\n<meta property=\"og:title\" content=\"Contacto JB France\" \/>\n<meta property=\"og:description\" content=\"P\u00f3ngase en contacto con JB France para obtener una respuesta r\u00e1pida y vincular su empresa con nuestros servicios de intermediaci\u00f3n alimentaria.\" \/>\n<meta property=\"og:url\" content=\"https:\/\/www.jbfrance.fr\/es\/contacto-jb-france\/\" \/>\n<meta property=\"og:site_name\" content=\"JB France\" \/>\n<meta property=\"article:modified_time\" content=\"2022-05-03T14:44:18+00:00\" \/>\n<meta name=\"twitter:card\" content=\"summary_large_image\" \/>\n<meta name=\"twitter:label1\" content=\"Tiempo de lectura\" \/>\n\t<meta name=\"twitter:data1\" content=\"1 minuto\" \/>\n<script type=\"application\/ld+json\" class=\"yoast-schema-graph\">{\"@context\":\"https:\\\/\\\/schema.org\",\"@graph\":[{\"@type\":\"WebPage\",\"@id\":\"https:\\\/\\\/www.jbfrance.fr\\\/es\\\/contacto-jb-france\\\/\",\"url\":\"https:\\\/\\\/www.jbfrance.fr\\\/es\\\/contacto-jb-france\\\/\",\"name\":\"Contacto JB France\",\"isPartOf\":{\"@id\":\"https:\\\/\\\/www.jbfrance.fr\\\/#website\"},\"datePublished\":\"2021-07-01T15:28:19+00:00\",\"dateModified\":\"2022-05-03T14:44:18+00:00\",\"description\":\"P\u00f3ngase en contacto con JB France para obtener una respuesta r\u00e1pida y vincular su empresa con nuestros servicios de intermediaci\u00f3n alimentaria.\",\"breadcrumb\":{\"@id\":\"https:\\\/\\\/www.jbfrance.fr\\\/es\\\/contacto-jb-france\\\/#breadcrumb\"},\"inLanguage\":\"es\",\"potentialAction\":[{\"@type\":\"ReadAction\",\"target\":[\"https:\\\/\\\/www.jbfrance.fr\\\/es\\\/contacto-jb-france\\\/\"]}]},{\"@type\":\"BreadcrumbList\",\"@id\":\"https:\\\/\\\/www.jbfrance.fr\\\/es\\\/contacto-jb-france\\\/#breadcrumb\",\"itemListElement\":[{\"@type\":\"ListItem\",\"position\":1,\"name\":\"Accueil\",\"item\":\"https:\\\/\\\/www.jbfrance.fr\\\/es\\\/\"},{\"@type\":\"ListItem\",\"position\":2,\"name\":\"Contacto\"}]},{\"@type\":\"WebSite\",\"@id\":\"https:\\\/\\\/www.jbfrance.fr\\\/#website\",\"url\":\"https:\\\/\\\/www.jbfrance.fr\\\/\",\"name\":\"JB France\",\"description\":\"Produits laitiers &amp; charcuterie d&#039;Europe\",\"publisher\":{\"@id\":\"https:\\\/\\\/www.jbfrance.fr\\\/#organization\"},\"potentialAction\":[{\"@type\":\"SearchAction\",\"target\":{\"@type\":\"EntryPoint\",\"urlTemplate\":\"https:\\\/\\\/www.jbfrance.fr\\\/?s={search_term_string}\"},\"query-input\":{\"@type\":\"PropertyValueSpecification\",\"valueRequired\":true,\"valueName\":\"search_term_string\"}}],\"inLanguage\":\"es\"},{\"@type\":\"Organization\",\"@id\":\"https:\\\/\\\/www.jbfrance.fr\\\/#organization\",\"name\":\"JB France\",\"url\":\"https:\\\/\\\/www.jbfrance.fr\\\/\",\"logo\":{\"@type\":\"ImageObject\",\"inLanguage\":\"es\",\"@id\":\"https:\\\/\\\/www.jbfrance.fr\\\/#\\\/schema\\\/logo\\\/image\\\/\",\"url\":\"https:\\\/\\\/www.jbfrance.fr\\\/wp-content\\\/uploads\\\/2020\\\/07\\\/logo-jb-france-petit2-1.png\",\"contentUrl\":\"https:\\\/\\\/www.jbfrance.fr\\\/wp-content\\\/uploads\\\/2020\\\/07\\\/logo-jb-france-petit2-1.png\",\"width\":200,\"height\":50,\"caption\":\"JB France\"},\"image\":{\"@id\":\"https:\\\/\\\/www.jbfrance.fr\\\/#\\\/schema\\\/logo\\\/image\\\/\"}}]}<\/script>\n<!-- \/ Yoast SEO plugin. -->","yoast_head_json":{"title":"Contacto JB France","description":"P\u00f3ngase en contacto con JB France para obtener una respuesta r\u00e1pida y vincular su empresa con nuestros servicios de intermediaci\u00f3n alimentaria.","robots":{"index":"index","follow":"follow","max-snippet":"max-snippet:-1","max-image-preview":"max-image-preview:large","max-video-preview":"max-video-preview:-1"},"canonical":"https:\/\/www.jbfrance.fr\/es\/contacto-jb-france\/","og_locale":"es_ES","og_type":"article","og_title":"Contacto JB France","og_description":"P\u00f3ngase en contacto con JB France para obtener una respuesta r\u00e1pida y vincular su empresa con nuestros servicios de intermediaci\u00f3n alimentaria.","og_url":"https:\/\/www.jbfrance.fr\/es\/contacto-jb-france\/","og_site_name":"JB France","article_modified_time":"2022-05-03T14:44:18+00:00","twitter_card":"summary_large_image","twitter_misc":{"Tiempo de lectura":"1 minuto"},"schema":{"@context":"https:\/\/schema.org","@graph":[{"@type":"WebPage","@id":"https:\/\/www.jbfrance.fr\/es\/contacto-jb-france\/","url":"https:\/\/www.jbfrance.fr\/es\/contacto-jb-france\/","name":"Contacto JB France","isPartOf":{"@id":"https:\/\/www.jbfrance.fr\/#website"},"datePublished":"2021-07-01T15:28:19+00:00","dateModified":"2022-05-03T14:44:18+00:00","description":"P\u00f3ngase en contacto con JB France para obtener una respuesta r\u00e1pida y vincular su empresa con nuestros servicios de intermediaci\u00f3n alimentaria.","breadcrumb":{"@id":"https:\/\/www.jbfrance.fr\/es\/contacto-jb-france\/#breadcrumb"},"inLanguage":"es","potentialAction":[{"@type":"ReadAction","target":["https:\/\/www.jbfrance.fr\/es\/contacto-jb-france\/"]}]},{"@type":"BreadcrumbList","@id":"https:\/\/www.jbfrance.fr\/es\/contacto-jb-france\/#breadcrumb","itemListElement":[{"@type":"ListItem","position":1,"name":"Accueil","item":"https:\/\/www.jbfrance.fr\/es\/"},{"@type":"ListItem","position":2,"name":"Contacto"}]},{"@type":"WebSite","@id":"https:\/\/www.jbfrance.fr\/#website","url":"https:\/\/www.jbfrance.fr\/","name":"JB France","description":"Produits laitiers &amp; charcuterie d&#039;Europe","publisher":{"@id":"https:\/\/www.jbfrance.fr\/#organization"},"potentialAction":[{"@type":"SearchAction","target":{"@type":"EntryPoint","urlTemplate":"https:\/\/www.jbfrance.fr\/?s={search_term_string}"},"query-input":{"@type":"PropertyValueSpecification","valueRequired":true,"valueName":"search_term_string"}}],"inLanguage":"es"},{"@type":"Organization","@id":"https:\/\/www.jbfrance.fr\/#organization","name":"JB France","url":"https:\/\/www.jbfrance.fr\/","logo":{"@type":"ImageObject","inLanguage":"es","@id":"https:\/\/www.jbfrance.fr\/#\/schema\/logo\/image\/","url":"https:\/\/www.jbfrance.fr\/wp-content\/uploads\/2020\/07\/logo-jb-france-petit2-1.png","contentUrl":"https:\/\/www.jbfrance.fr\/wp-content\/uploads\/2020\/07\/logo-jb-france-petit2-1.png","width":200,"height":50,"caption":"JB France"},"image":{"@id":"https:\/\/www.jbfrance.fr\/#\/schema\/logo\/image\/"}}]}},"_links":{"self":[{"href":"https:\/\/www.jbfrance.fr\/es\/wp-json\/wp\/v2\/pages\/7623","targetHints":{"allow":["GET"]}}],"collection":[{"href":"https:\/\/www.jbfrance.fr\/es\/wp-json\/wp\/v2\/pages"}],"about":[{"href":"https:\/\/www.jbfrance.fr\/es\/wp-json\/wp\/v2\/types\/page"}],"author":[{"embeddable":true,"href":"https:\/\/www.jbfrance.fr\/es\/wp-json\/wp\/v2\/users\/1"}],"replies":[{"embeddable":true,"href":"https:\/\/www.jbfrance.fr\/es\/wp-json\/wp\/v2\/comments?post=7623"}],"version-history":[{"count":6,"href":"https:\/\/www.jbfrance.fr\/es\/wp-json\/wp\/v2\/pages\/7623\/revisions"}],"predecessor-version":[{"id":7785,"href":"https:\/\/www.jbfrance.fr\/es\/wp-json\/wp\/v2\/pages\/7623\/revisions\/7785"}],"wp:attachment":[{"href":"https:\/\/www.jbfrance.fr\/es\/wp-json\/wp\/v2\/media?parent=7623"}],"curies":[{"name":"wp","href":"https:\/\/api.w.org\/{rel}","templated":true}]}}