{"id":7619,"date":"2022-04-10T21:24:57","date_gmt":"2022-04-10T19:24:57","guid":{"rendered":"https:\/\/www.jbfrance.fr\/?page_id=7619"},"modified":"2022-04-22T14:30:45","modified_gmt":"2022-04-22T12:30:45","slug":"importacion-y-abastecimiento-de-alimentos-clientes-de-jb-france","status":"publish","type":"page","link":"https:\/\/www.jbfrance.fr\/es\/importacion-y-abastecimiento-de-alimentos-clientes-de-jb-france\/","title":{"rendered":"Nuestros clientes"},"content":{"rendered":"<div class=\"wpb-content-wrapper\"><p>[vc_row][vc_column css=\u00bb.vc_custom_1623142384813{padding-right: 12% !important;}\u00bb el_class=\u00bbreset_padding_in_responsive_column\u00bb]<h1 class=\"boc_heading  center  text_30_on_mobile  boc_animate_when_almost_visible boc_top-to-bottom f600\"  style=\"margin-bottom: 30px;color: #333333;font-size: 36px;\"  data-css_delay=500><span>Nuestros <strong style=\"color: #5fb3f1;\">clientes<\/strong><\/span><\/h1><p class=\"boc_heading  center  boc_animate_when_almost_visible boc_top-to-bottom f400\"  style=\"color: #515151;font-size: 19px;\"  data-css_delay=700><span>Hoy en d\u00eda, tenemos la confianza de nuestros 230 clientes<\/span><\/p><div class=\"boc_spacing \" style=\"height: 45px\"><\/div>[\/vc_column][\/vc_row][vc_row][vc_column width=\u00bb1\/2&#8243;][vc_single_image img_size=\u00bbboc_medium\u00bb image=\u00bb7214&#8243;][\/vc_column][vc_column width=\u00bb1\/2&#8243;]<div class=\"side_icon_box normal  boc_animate_when_almost_visible\"><span class=\"icon_feat \" style=\"\"><i class=\"icon boc_i-refresh3\" style=\"\"><\/i><\/span><h3>Negocio traditional<\/h3><div class=\"side_icon_box_content\"><\/div><\/div><div class=\"boc_spacing \" style=\"height: 10px\"><\/div><div class=\"side_icon_box normal  boc_animate_when_almost_visible\"><span class=\"icon_feat \" style=\"\"><i class=\"icon boc_i-chef-hat\" style=\"\"><\/i><\/span><h3>Restauracion \/ Food Service<\/h3><div class=\"side_icon_box_content\"><\/div><\/div><div class=\"boc_spacing \" style=\"height: 10px\"><\/div><div class=\"side_icon_box normal  boc_animate_when_almost_visible\"><span class=\"icon_feat \" style=\"\"><i class=\"icon boc_i-culture\" style=\"\"><\/i><\/span><h3>Supermercados<\/h3><div class=\"side_icon_box_content\"><\/div><\/div><div class=\"boc_spacing \" style=\"height: 10px\"><\/div><div class=\"side_icon_box normal  boc_animate_when_almost_visible\"><span class=\"icon_feat \" style=\"\"><i class=\"icon boc_i-cog2\" style=\"\"><\/i><\/span><h3>Industria<\/h3><div class=\"side_icon_box_content\"><\/div><\/div><div class=\"boc_spacing \" style=\"height: 10px\"><\/div>[\/vc_column][\/vc_row][vc_row][vc_column]<div class=\"boc_spacing \" style=\"height: 40px\"><\/div>[\/vc_column][\/vc_row]<\/p>\n<\/div>","protected":false},"excerpt":{"rendered":"<p>[vc_row][vc_column css=\u00bb.vc_custom_1623142384813{padding-right: 12% !important;}\u00bb el_class=\u00bbreset_padding_in_responsive_column\u00bb][\/vc_column][\/vc_row][vc_row][vc_column width=\u00bb1\/2&#8243;][vc_single_image img_size=\u00bbboc_medium\u00bb image=\u00bb7214&#8243;][\/vc_column][vc_column width=\u00bb1\/2&#8243;][\/vc_column][\/vc_row][vc_row][vc_column][\/vc_column][\/vc_row]<\/p>\n","protected":false},"author":1,"featured_media":0,"parent":0,"menu_order":0,"comment_status":"closed","ping_status":"closed","template":"","meta":{"footnotes":""},"class_list":["post-7619","page","type-page","status-publish","hentry"],"yoast_head":"<!-- This site is optimized with the Yoast SEO plugin v27.5 - https:\/\/yoast.com\/product\/yoast-seo-wordpress\/ -->\n<title>Importaci\u00f3n y abastecimiento de alimentos: clientes de JB France<\/title>\n<meta name=\"description\" content=\"Nuestros clientes conf\u00edan en JB France en todo los sectores de la alimentaci\u00f3n: tradicional, restauraci\u00f3n, distribuci\u00f3n en supermercados, industria.\" \/>\n<meta name=\"robots\" content=\"index, follow, max-snippet:-1, max-image-preview:large, max-video-preview:-1\" \/>\n<link rel=\"canonical\" href=\"https:\/\/www.jbfrance.fr\/es\/importacion-y-abastecimiento-de-alimentos-clientes-de-jb-france\/\" \/>\n<meta property=\"og:locale\" content=\"es_ES\" \/>\n<meta property=\"og:type\" content=\"article\" \/>\n<meta property=\"og:title\" content=\"Importaci\u00f3n y abastecimiento de alimentos: clientes de JB France\" \/>\n<meta property=\"og:description\" content=\"Nuestros clientes conf\u00edan en JB France en todo los sectores de la alimentaci\u00f3n: tradicional, restauraci\u00f3n, distribuci\u00f3n en supermercados, industria.\" \/>\n<meta property=\"og:url\" content=\"https:\/\/www.jbfrance.fr\/es\/importacion-y-abastecimiento-de-alimentos-clientes-de-jb-france\/\" \/>\n<meta property=\"og:site_name\" content=\"JB France\" \/>\n<meta property=\"article:modified_time\" content=\"2022-04-22T12:30:45+00:00\" \/>\n<meta name=\"twitter:card\" content=\"summary_large_image\" \/>\n<meta name=\"twitter:label1\" content=\"Tiempo de lectura\" \/>\n\t<meta name=\"twitter:data1\" content=\"1 minuto\" \/>\n<script type=\"application\/ld+json\" class=\"yoast-schema-graph\">{\"@context\":\"https:\\\/\\\/schema.org\",\"@graph\":[{\"@type\":\"WebPage\",\"@id\":\"https:\\\/\\\/www.jbfrance.fr\\\/es\\\/importacion-y-abastecimiento-de-alimentos-clientes-de-jb-france\\\/\",\"url\":\"https:\\\/\\\/www.jbfrance.fr\\\/es\\\/importacion-y-abastecimiento-de-alimentos-clientes-de-jb-france\\\/\",\"name\":\"Importaci\u00f3n y abastecimiento de alimentos: clientes de JB France\",\"isPartOf\":{\"@id\":\"https:\\\/\\\/www.jbfrance.fr\\\/#website\"},\"datePublished\":\"2022-04-10T19:24:57+00:00\",\"dateModified\":\"2022-04-22T12:30:45+00:00\",\"description\":\"Nuestros clientes conf\u00edan en JB France en todo los sectores de la alimentaci\u00f3n: tradicional, restauraci\u00f3n, distribuci\u00f3n en supermercados, industria.\",\"breadcrumb\":{\"@id\":\"https:\\\/\\\/www.jbfrance.fr\\\/es\\\/importacion-y-abastecimiento-de-alimentos-clientes-de-jb-france\\\/#breadcrumb\"},\"inLanguage\":\"es\",\"potentialAction\":[{\"@type\":\"ReadAction\",\"target\":[\"https:\\\/\\\/www.jbfrance.fr\\\/es\\\/importacion-y-abastecimiento-de-alimentos-clientes-de-jb-france\\\/\"]}]},{\"@type\":\"BreadcrumbList\",\"@id\":\"https:\\\/\\\/www.jbfrance.fr\\\/es\\\/importacion-y-abastecimiento-de-alimentos-clientes-de-jb-france\\\/#breadcrumb\",\"itemListElement\":[{\"@type\":\"ListItem\",\"position\":1,\"name\":\"Accueil\",\"item\":\"https:\\\/\\\/www.jbfrance.fr\\\/es\\\/\"},{\"@type\":\"ListItem\",\"position\":2,\"name\":\"Nuestros clientes\"}]},{\"@type\":\"WebSite\",\"@id\":\"https:\\\/\\\/www.jbfrance.fr\\\/#website\",\"url\":\"https:\\\/\\\/www.jbfrance.fr\\\/\",\"name\":\"JB France\",\"description\":\"Produits laitiers &amp; charcuterie d&#039;Europe\",\"publisher\":{\"@id\":\"https:\\\/\\\/www.jbfrance.fr\\\/#organization\"},\"potentialAction\":[{\"@type\":\"SearchAction\",\"target\":{\"@type\":\"EntryPoint\",\"urlTemplate\":\"https:\\\/\\\/www.jbfrance.fr\\\/?s={search_term_string}\"},\"query-input\":{\"@type\":\"PropertyValueSpecification\",\"valueRequired\":true,\"valueName\":\"search_term_string\"}}],\"inLanguage\":\"es\"},{\"@type\":\"Organization\",\"@id\":\"https:\\\/\\\/www.jbfrance.fr\\\/#organization\",\"name\":\"JB France\",\"url\":\"https:\\\/\\\/www.jbfrance.fr\\\/\",\"logo\":{\"@type\":\"ImageObject\",\"inLanguage\":\"es\",\"@id\":\"https:\\\/\\\/www.jbfrance.fr\\\/#\\\/schema\\\/logo\\\/image\\\/\",\"url\":\"https:\\\/\\\/www.jbfrance.fr\\\/wp-content\\\/uploads\\\/2020\\\/07\\\/logo-jb-france-petit2-1.png\",\"contentUrl\":\"https:\\\/\\\/www.jbfrance.fr\\\/wp-content\\\/uploads\\\/2020\\\/07\\\/logo-jb-france-petit2-1.png\",\"width\":200,\"height\":50,\"caption\":\"JB France\"},\"image\":{\"@id\":\"https:\\\/\\\/www.jbfrance.fr\\\/#\\\/schema\\\/logo\\\/image\\\/\"}}]}<\/script>\n<!-- \/ Yoast SEO plugin. -->","yoast_head_json":{"title":"Importaci\u00f3n y abastecimiento de alimentos: clientes de JB France","description":"Nuestros clientes conf\u00edan en JB France en todo los sectores de la alimentaci\u00f3n: tradicional, restauraci\u00f3n, distribuci\u00f3n en supermercados, industria.","robots":{"index":"index","follow":"follow","max-snippet":"max-snippet:-1","max-image-preview":"max-image-preview:large","max-video-preview":"max-video-preview:-1"},"canonical":"https:\/\/www.jbfrance.fr\/es\/importacion-y-abastecimiento-de-alimentos-clientes-de-jb-france\/","og_locale":"es_ES","og_type":"article","og_title":"Importaci\u00f3n y abastecimiento de alimentos: clientes de JB France","og_description":"Nuestros clientes conf\u00edan en JB France en todo los sectores de la alimentaci\u00f3n: tradicional, restauraci\u00f3n, distribuci\u00f3n en supermercados, industria.","og_url":"https:\/\/www.jbfrance.fr\/es\/importacion-y-abastecimiento-de-alimentos-clientes-de-jb-france\/","og_site_name":"JB France","article_modified_time":"2022-04-22T12:30:45+00:00","twitter_card":"summary_large_image","twitter_misc":{"Tiempo de lectura":"1 minuto"},"schema":{"@context":"https:\/\/schema.org","@graph":[{"@type":"WebPage","@id":"https:\/\/www.jbfrance.fr\/es\/importacion-y-abastecimiento-de-alimentos-clientes-de-jb-france\/","url":"https:\/\/www.jbfrance.fr\/es\/importacion-y-abastecimiento-de-alimentos-clientes-de-jb-france\/","name":"Importaci\u00f3n y abastecimiento de alimentos: clientes de JB France","isPartOf":{"@id":"https:\/\/www.jbfrance.fr\/#website"},"datePublished":"2022-04-10T19:24:57+00:00","dateModified":"2022-04-22T12:30:45+00:00","description":"Nuestros clientes conf\u00edan en JB France en todo los sectores de la alimentaci\u00f3n: tradicional, restauraci\u00f3n, distribuci\u00f3n en supermercados, industria.","breadcrumb":{"@id":"https:\/\/www.jbfrance.fr\/es\/importacion-y-abastecimiento-de-alimentos-clientes-de-jb-france\/#breadcrumb"},"inLanguage":"es","potentialAction":[{"@type":"ReadAction","target":["https:\/\/www.jbfrance.fr\/es\/importacion-y-abastecimiento-de-alimentos-clientes-de-jb-france\/"]}]},{"@type":"BreadcrumbList","@id":"https:\/\/www.jbfrance.fr\/es\/importacion-y-abastecimiento-de-alimentos-clientes-de-jb-france\/#breadcrumb","itemListElement":[{"@type":"ListItem","position":1,"name":"Accueil","item":"https:\/\/www.jbfrance.fr\/es\/"},{"@type":"ListItem","position":2,"name":"Nuestros clientes"}]},{"@type":"WebSite","@id":"https:\/\/www.jbfrance.fr\/#website","url":"https:\/\/www.jbfrance.fr\/","name":"JB France","description":"Produits laitiers &amp; charcuterie d&#039;Europe","publisher":{"@id":"https:\/\/www.jbfrance.fr\/#organization"},"potentialAction":[{"@type":"SearchAction","target":{"@type":"EntryPoint","urlTemplate":"https:\/\/www.jbfrance.fr\/?s={search_term_string}"},"query-input":{"@type":"PropertyValueSpecification","valueRequired":true,"valueName":"search_term_string"}}],"inLanguage":"es"},{"@type":"Organization","@id":"https:\/\/www.jbfrance.fr\/#organization","name":"JB France","url":"https:\/\/www.jbfrance.fr\/","logo":{"@type":"ImageObject","inLanguage":"es","@id":"https:\/\/www.jbfrance.fr\/#\/schema\/logo\/image\/","url":"https:\/\/www.jbfrance.fr\/wp-content\/uploads\/2020\/07\/logo-jb-france-petit2-1.png","contentUrl":"https:\/\/www.jbfrance.fr\/wp-content\/uploads\/2020\/07\/logo-jb-france-petit2-1.png","width":200,"height":50,"caption":"JB France"},"image":{"@id":"https:\/\/www.jbfrance.fr\/#\/schema\/logo\/image\/"}}]}},"_links":{"self":[{"href":"https:\/\/www.jbfrance.fr\/es\/wp-json\/wp\/v2\/pages\/7619","targetHints":{"allow":["GET"]}}],"collection":[{"href":"https:\/\/www.jbfrance.fr\/es\/wp-json\/wp\/v2\/pages"}],"about":[{"href":"https:\/\/www.jbfrance.fr\/es\/wp-json\/wp\/v2\/types\/page"}],"author":[{"embeddable":true,"href":"https:\/\/www.jbfrance.fr\/es\/wp-json\/wp\/v2\/users\/1"}],"replies":[{"embeddable":true,"href":"https:\/\/www.jbfrance.fr\/es\/wp-json\/wp\/v2\/comments?post=7619"}],"version-history":[{"count":4,"href":"https:\/\/www.jbfrance.fr\/es\/wp-json\/wp\/v2\/pages\/7619\/revisions"}],"predecessor-version":[{"id":7719,"href":"https:\/\/www.jbfrance.fr\/es\/wp-json\/wp\/v2\/pages\/7619\/revisions\/7719"}],"wp:attachment":[{"href":"https:\/\/www.jbfrance.fr\/es\/wp-json\/wp\/v2\/media?parent=7619"}],"curies":[{"name":"wp","href":"https:\/\/api.w.org\/{rel}","templated":true}]}}